{"id":124,"date":"2013-10-09T10:09:09","date_gmt":"2013-10-09T10:09:09","guid":{"rendered":"http:\/\/hotel.buero68.de\/?page_id=124"},"modified":"2013-10-10T09:41:08","modified_gmt":"2013-10-10T09:41:08","slug":"das-umland","status":"publish","type":"page","link":"http:\/\/www.altstadthotel-am-theater.de\/?page_id=124","title":{"rendered":"Das Umland"},"content":{"rendered":"<div class=\"one-third\">\n<h4 class=\"title1\">Idyllisch: Der Spreewald <\/h3>\n<div class=\"block-img1\"><img alt=\"Das Umland\nIdyllisch: Der Spreewald \" src=\"\/bilder\/umland1.jpg\" \/><\/div>\n<p>Der Spreewald beginnt direkt vor den Toren unserer Stadt Cottbus. Er z\u00e4hlt zu Deutschlands beliebtesten Reisezielen \u2013 und das vollkommen zu Recht! Ob Kahnfahrten oder Paddeltouren auf dem weit verzweigten Labyrinth der Spreewaldflie\u00dfe, ob Fahrradtouren oder Naturwanderungen, hier kann die Seele eine Auszeit nehmen. Mit Barfu\u00dfpark, Therme, Salzgrotte, DDR-Museum, Hochseilgarten und Badeparadies Spreewelten gibt es viele touristische Attraktionen. Erobern Sie den Spreewald \u2013 am besten mit einem unserer Arrangements! <a href=\"http:\/\/www.spreewald.de\">[www.spreewald.de]<\/a><\/div>\n<div class=\"one-third\">\n<h4 class=\"title1\">Ph\u00e4nomenal: Bergbautourismus<\/h4>\n<div class=\"block-img1\"><img alt=\"Ph\u00e4nomenal: Bergbautourismus\" src=\"\/bilder\/umland2.jpg\" \/><\/div>\n<p>Das Umland von Cottbus ist eine Landschaft im Wandel. Ehemalige Bergbaugebiete bieten heute eine ungewohnte Erlebnisse \u2013 von Jeep-Safaris oder Quadtouren in den aktiven Tagebau zu den gr\u00f6\u00dften Baggern der Welt bis zu Ausfl\u00fcgen in vermeintliche Mondlandschaften reicht das Spektrum. Ein besonderes Ausflugsziel ist der \u201eLiegende Eiffelturm der Lausitz\u201c, die ehemalige F\u00f6rderbr\u00fccke F60. Die einzigartigen Hinterlassenschaften der Eiszeit kann man ebenso im Nationalen Geopark Muskauer Faltenbogen besichtigen.<a href=\"http:\/\/www.bergbautourismus.de\/\">[www.bergbautourismus.de]<\/a>\n<\/div>\n<div class=\"one-third last-col\">\n<h4 class=\"title1\">Aktiv: Fahrradtourismus <\/h3>\n<div class=\"block-img1\"><img alt=\"Aktiv: Fahrradtourismus\" src=\"\/bilder\/umland3.jpg\"\/><\/div>\n<p>Wir bieten unseren G\u00e4sten einen kostenfreien Fahrradverleih \u2013 denn unsere Region ist ein Paradies f\u00fcr den Fahrradtourismus. Ob Spreewald, Niederlausitz oder Nei\u00dfe-Radweg \u2013 viele thematische Radtouren vom Kurzausflug bis zu Wochentrips sind in unserer Region m\u00f6glich. Fahrradtouristen sind in unserem Hotel willkommen \u2013 und von Jahr zu Jahr werden es deutlich mehr. Sicher spricht sich auch unser reichhaltigen Genie\u00dfer-Fr\u00fchst\u00fccksbuffet herum, das gerade aktiven G\u00e4sten den notwendigen Elan f\u00fcr erlebnisreiche Ausfl\u00fcge versorgt. <a href=\"http:\/\/www.energie-route-lausitz.de\/\">[www.energie-route-lausitz.de]<\/a>\n<\/div>\n<div class=\"one-third\">\n<h4 class=\"title1\">Lehrreich: Museenland<\/h4>\n<div class=\"block-img1\"><img alt=\"Lehrreich: Museenland\" src=\"\/bilder\/umland4.jpg\" \/><\/div>\n<p>Gehen Sie im Lausitzer Museumsland auf Spurensuche. Viele Angebote besch\u00e4ftigen sich mit der Geschichte und Kultur der Sorben und Wenden. Vom Freilichtmuseum bis zur Krabatm\u00fchle, vom Heimatmuseum bis zu vielen Heimatstuben, vom Textilmuseum bis zum Archiv verschwundener Orte, vom Ostereimuseum bis zum Arch\u00e4otechnischen Zentrum reicht die Vielfalt der Lausitzer Museen. Entdecken Sie die einzigartige Kulturgeschichte unserer spannenden Region. Gern helfen wir Ihnen bei<br \/>\nder Qual der Wahl. <br \/><a href=\"http:\/\/www.lausitzer-museenland.de\">[www.lausitzer-museenland.de]<\/a>\n<\/div>\n<div class=\"one-third\">\n<h4 class=\"title1\">S\u00fc\u00df: Confiserie Felicitas<\/h4>\n<div class=\"block-img1\"><img alt=\"S\u00fc\u00df: Confiserie Felicitas\" src=\"\/bilder\/umland5.jpg\" \/><\/div>\n<p>Die Lausitz hat eine echte Schokoladenseite! Vor rund 20 Jahren verschlug es ein belgisches Ehepaar ins nahe Hornow, wo sie die Confiserie Felicitas er\u00f6ffneten. Heute gibt es dort eine Schauwerkstatt samt Werksverkauf und spannende Einblicke in das Handwerk der Chocolatiers. Besucher k\u00f6nnen aus einer einzigartigen Vielfalt von Schokoladenprodukten belgischer Qualit\u00e4t w\u00e4hlen, wie sie diese sonst selten an einem Ort vorfinden. Nicht nur Schokoladenfreunde erleben hier Genuss f\u00fcr alle Sinne! <br \/><a href=\"http:\/\/www.confiserie-felicitas.de\">[www.confiserie-felicitas.de]<\/a><br class=\"clear\" \/><br class=\"clear\" \/>\n<\/div>\n<div class=\"one-third last-col\">\n<h4 class=\"title1\">Paradiesisch: Tropical Islands<\/h4>\n<div class=\"block-img1\"><img alt=\"Paradiesisch: Tropical Islands\" src=\"\/bilder\/umland6.jpg\"\/><\/div>\n<p>Eine knappe Autostunde von unserem Hotel entfernt befindet sich Europas gr\u00f6\u00dfte tropische Urlaubswelt Tropical Islands. Genie\u00dfen Sie dort einen Tagesausflug voller Exotik. Ein Spaziergang am Strand der S\u00fcdsee, eine Expedition durch den tropischen Regenwald, entspannte Stunden in der Sauna-Landschaft, gutes Essen, Shows und Shopping wie im Karibikurlaub. Tauchen Sie ein in eine exotische Welt, die von fernen L\u00e4ndern erz\u00e4hlt und die Magie der Tropen heraufbeschw\u00f6rt \u2013 erg\u00e4nzt durch hochklassiges Entertainment in verschiedenen Shows.<br \/>\n<a href=\"http:\/\/www.tropical-islands.de\">[www.tropical-islands.de]<\/a>\n<\/div>\n","protected":false},"excerpt":{"rendered":"<p>Idyllisch: Der Spreewald Der Spreewald beginnt direkt vor den Toren unserer Stadt Cottbus. Er z\u00e4hlt zu Deutschlands beliebtesten Reisezielen \u2013 und das vollkommen zu Recht! <\/p>\n<p><a href=\"http:\/\/www.altstadthotel-am-theater.de\/?page_id=124\" class=\"button2\">Read More &raquo;<\/a><\/p>\n","protected":false},"author":1,"featured_media":0,"parent":74,"menu_order":0,"comment_status":"closed","ping_status":"closed","template":"template-full-width.php","meta":[],"_links":{"self":[{"href":"http:\/\/www.altstadthotel-am-theater.de\/index.php?rest_route=\/wp\/v2\/pages\/124"}],"collection":[{"href":"http:\/\/www.altstadthotel-am-theater.de\/index.php?rest_route=\/wp\/v2\/pages"}],"about":[{"href":"http:\/\/www.altstadthotel-am-theater.de\/index.php?rest_route=\/wp\/v2\/types\/page"}],"author":[{"embeddable":true,"href":"http:\/\/www.altstadthotel-am-theater.de\/index.php?rest_route=\/wp\/v2\/users\/1"}],"replies":[{"embeddable":true,"href":"http:\/\/www.altstadthotel-am-theater.de\/index.php?rest_route=%2Fwp%2Fv2%2Fcomments&post=124"}],"version-history":[{"count":15,"href":"http:\/\/www.altstadthotel-am-theater.de\/index.php?rest_route=\/wp\/v2\/pages\/124\/revisions"}],"predecessor-version":[{"id":429,"href":"http:\/\/www.altstadthotel-am-theater.de\/index.php?rest_route=\/wp\/v2\/pages\/124\/revisions\/429"}],"up":[{"embeddable":true,"href":"http:\/\/www.altstadthotel-am-theater.de\/index.php?rest_route=\/wp\/v2\/pages\/74"}],"wp:attachment":[{"href":"http:\/\/www.altstadthotel-am-theater.de\/index.php?rest_route=%2Fwp%2Fv2%2Fmedia&parent=124"}],"curies":[{"name":"wp","href":"https:\/\/api.w.org\/{rel}","templated":true}]}}