{"id":132,"date":"2013-10-09T10:54:33","date_gmt":"2013-10-09T10:54:33","guid":{"rendered":"http:\/\/hotel.buero68.de\/?page_id=132"},"modified":"2013-12-04T09:51:13","modified_gmt":"2013-12-04T09:51:13","slug":"cottbus-am-sonntag","status":"publish","type":"page","link":"http:\/\/www.altstadthotel-am-theater.de\/?page_id=132","title":{"rendered":"Cottbus am Sonntag"},"content":{"rendered":"<div class=\"clearfix\">\n<div class=\"one-half\"><img src=\"..\/bilder\/arrangement1b.jpg\"><\/div>\n<div class=\"one-half last-col\"><strong>Lernen Sie Cottbus an einem Sonntag kennen:<br \/>\nMit Geniesser-Fr\u00fchst\u00fcck und Komfort\u00fcbernachtung<br \/>\nschon ab 39 EUR pro Person.<\/strong><br \/>\nCottbus ist immer einen Tagesausflug wert, ganz besonders am Sonntag. Erleben Sie F\u00fcrst P\u00fccklers Park mit seinen Pyramiden in Branitz, das Staatstheater oder die Altstadt der Lausitzmetropole.<br \/>\nMit einem Geniesser-Fr\u00fchst\u00fcck und weiteren \u00dcberraschungen<br \/>\nsorgen wir uns um Ihren Wohlf\u00fchltag.<\/div>\n<\/div>\n<h3 class=\"title1\" style=\"margin-top:20px\">Details zum Arrangement<\/h3>\n<div class=\"clearfix\">\n<div class=\"one-half\">\n<ul class=\"list2\">\n<li>2 Tage \/ 1 \u00dcbernachtung im Komfortzimmer<\/li>\n<li>1 x Geniesserfr\u00fchst\u00fcck f\u00fcr 2 Personen<\/li>\n<li>Gratis Tee und Kaffee auf dem Zimmer<\/li>\n<li>Gratis 1 Flasche Mineralwasser<\/li>\n<li>Gratis Parken auf dem hoteleigenen Parkplatz<\/li>\n<li>Gratis W- LAN im gesamten Haus<\/li><\/ul><\/div><div class=\"one-half last-col\">\n<ul class=\"list2\">\n<li>Preis pro Person: 39,00 \u20ac inkl. MwSt.<\/li>\n<li>Einzelzimmerzuschlag je Tag 12,00 \u20ac inkl. MwSt.<\/li>\n<li>Upgrade in Doppelzimmer je Person\/Tag 22 \u20ac inkl. MwSt.<\/li>\n<li>Upgrade ins Premiumzimmer pro Person\/Tag 12,00 \u20ac inkl. MwSt.<\/li>\n<li>Verl\u00e4ngerungstag bis Dienstag \/ Person 39,00 \u20ac inkl. MwSt.<\/li>\n<\/ul><\/div><\/div>\n<hr \/>\n<p><strong>Buchbar nur per Telefon 0355-3554850 oder E-Mail info@altstadthotel-am-theater.de<\/strong>, ganzj\u00e4hrig mit Anreise am Sonntag, nach Verf\u00fcgbarkeit. Begrenztes Kontingent!  Es ist keine Kombination mit anderen Rabattangeboten m\u00f6glich. <\/p>\n","protected":false},"excerpt":{"rendered":"<p>Details zum Arrangement Buchbar nur per Telefon 0355-3554850 oder E-Mail info@altstadthotel-am-theater.de, ganzj\u00e4hrig mit Anreise am Sonntag, nach Verf\u00fcgbarkeit. Begrenztes Kontingent! Es ist keine Kombination mit <\/p>\n<p><a href=\"http:\/\/www.altstadthotel-am-theater.de\/?page_id=132\" class=\"button2\">Read More &raquo;<\/a><\/p>\n","protected":false},"author":1,"featured_media":0,"parent":7,"menu_order":0,"comment_status":"closed","ping_status":"closed","template":"template-full-width.php","meta":[],"_links":{"self":[{"href":"http:\/\/www.altstadthotel-am-theater.de\/index.php?rest_route=\/wp\/v2\/pages\/132"}],"collection":[{"href":"http:\/\/www.altstadthotel-am-theater.de\/index.php?rest_route=\/wp\/v2\/pages"}],"about":[{"href":"http:\/\/www.altstadthotel-am-theater.de\/index.php?rest_route=\/wp\/v2\/types\/page"}],"author":[{"embeddable":true,"href":"http:\/\/www.altstadthotel-am-theater.de\/index.php?rest_route=\/wp\/v2\/users\/1"}],"replies":[{"embeddable":true,"href":"http:\/\/www.altstadthotel-am-theater.de\/index.php?rest_route=%2Fwp%2Fv2%2Fcomments&post=132"}],"version-history":[{"count":44,"href":"http:\/\/www.altstadthotel-am-theater.de\/index.php?rest_route=\/wp\/v2\/pages\/132\/revisions"}],"predecessor-version":[{"id":547,"href":"http:\/\/www.altstadthotel-am-theater.de\/index.php?rest_route=\/wp\/v2\/pages\/132\/revisions\/547"}],"up":[{"embeddable":true,"href":"http:\/\/www.altstadthotel-am-theater.de\/index.php?rest_route=\/wp\/v2\/pages\/7"}],"wp:attachment":[{"href":"http:\/\/www.altstadthotel-am-theater.de\/index.php?rest_route=%2Fwp%2Fv2%2Fmedia&parent=132"}],"curies":[{"name":"wp","href":"https:\/\/api.w.org\/{rel}","templated":true}]}}