{"id":180,"date":"2013-10-09T11:45:17","date_gmt":"2013-10-09T11:45:17","guid":{"rendered":"http:\/\/hotel.buero68.de\/?page_id=180"},"modified":"2013-11-15T11:07:06","modified_gmt":"2013-11-15T11:07:06","slug":"romantikwochenende-fur-verliebte","status":"publish","type":"page","link":"http:\/\/www.altstadthotel-am-theater.de\/?page_id=180","title":{"rendered":"Romantikwochenende f\u00fcr Verliebte"},"content":{"rendered":"<div class=\"clearfix\">\n<div class=\"one-half\"><img src=\"..\/bilder\/arrangement2b.jpg\"><\/div>\n<div class=\"one-half last-col\"><strong>Liebe, Rosen , Luxus \u2026 unser Romantik-Arrangement<br \/>\nim Komfortzimmer mit 3 Tagen und zwei N\u00e4chten<br \/>\nab 135 EUR pro Person.<\/strong><br \/>\nWir geben Ihrer Liebe Raum: Im liebevoll mit Rosen und Rosenbl\u00e4ttern dekorierten Luxus-Komfortzimmer. Prosecco stimmt Sie auf den Abend ein, der gute Morgen danach startet mit unserem reichhaltigen Fr\u00fchst\u00fcck. Am zweiten Abend genie\u00dfen Sie ein Candlelight-Dinner in unserem Restaurant Friedrichs.<\/div>\n<\/div>\n<h3 class=\"title1\" style=\"margin-top:20px\">Details zum Arrangement<\/h3>\n<div class=\"clearfix\">\n<div class=\"one-half\">\n<ul class=\"list2\">\n<li>3 Tage \/ 2 \u00dcbernachtungen im Komfortzimmer<\/li>\n<li>2x Geniesser-Fr\u00fchst\u00fcck<\/li>\n<li>1x Candlelight &#8211; Dinner f\u00fcr 2 Personen (ohne Getr\u00e4nke)<\/li>\n<li>1x Flasche Prosecco auf dem Zimmer<\/li>\n<li>Gratis Parken auf dem Hoteleigenem Parkplatz<\/li>\n<li>Gratis W &#8211; LAN im gesamten Haus<\/li><\/ul><\/div><div class=\"one-half last-col\">\n<ul class=\"list2\">\n<li>Gratis 1 Flasche Mineralwasser auf dem Zimmer<\/li>\n<li>Gratis Tee und Kaffee auf dem Zimmer<\/li>\n<li>Gratis Leihfahrr\u00e4der<\/li>\n<li>Preis pro Person: 135,00 \u20ac inkl. MwSt.<\/li>\n<li>Upgrade ins Premiumzimmer pro Person \/ Tag 12,00 \u20ac inkl. MwSt.<\/li>\n<li>Verl\u00e4ngerungstag pro Person \/ Tag 44,00 \u20ac inkl. MwSt.<\/li>\n<\/ul><\/div><\/div>\n<hr \/>\n<p><strong>Buchbar nur per Telefon 0355-3554850 oder E-Mail info@altstadthotel-am-theater.de<\/strong>, ganzj\u00e4hrig mit Anreise am Sonntag, nach Verf\u00fcgbarkeit. Begrenztes Kontingent!  Es ist keine Kombination mit anderen Rabattangeboten m\u00f6glich. <\/p>\n","protected":false},"excerpt":{"rendered":"<p>Details zum Arrangement Buchbar nur per Telefon 0355-3554850 oder E-Mail info@altstadthotel-am-theater.de, ganzj\u00e4hrig mit Anreise am Sonntag, nach Verf\u00fcgbarkeit. Begrenztes Kontingent! Es ist keine Kombination mit <\/p>\n<p><a href=\"http:\/\/www.altstadthotel-am-theater.de\/?page_id=180\" class=\"button2\">Read More &raquo;<\/a><\/p>\n","protected":false},"author":1,"featured_media":0,"parent":7,"menu_order":0,"comment_status":"closed","ping_status":"closed","template":"template-full-width.php","meta":[],"_links":{"self":[{"href":"http:\/\/www.altstadthotel-am-theater.de\/index.php?rest_route=\/wp\/v2\/pages\/180"}],"collection":[{"href":"http:\/\/www.altstadthotel-am-theater.de\/index.php?rest_route=\/wp\/v2\/pages"}],"about":[{"href":"http:\/\/www.altstadthotel-am-theater.de\/index.php?rest_route=\/wp\/v2\/types\/page"}],"author":[{"embeddable":true,"href":"http:\/\/www.altstadthotel-am-theater.de\/index.php?rest_route=\/wp\/v2\/users\/1"}],"replies":[{"embeddable":true,"href":"http:\/\/www.altstadthotel-am-theater.de\/index.php?rest_route=%2Fwp%2Fv2%2Fcomments&post=180"}],"version-history":[{"count":8,"href":"http:\/\/www.altstadthotel-am-theater.de\/index.php?rest_route=\/wp\/v2\/pages\/180\/revisions"}],"predecessor-version":[{"id":505,"href":"http:\/\/www.altstadthotel-am-theater.de\/index.php?rest_route=\/wp\/v2\/pages\/180\/revisions\/505"}],"up":[{"embeddable":true,"href":"http:\/\/www.altstadthotel-am-theater.de\/index.php?rest_route=\/wp\/v2\/pages\/7"}],"wp:attachment":[{"href":"http:\/\/www.altstadthotel-am-theater.de\/index.php?rest_route=%2Fwp%2Fv2%2Fmedia&parent=180"}],"curies":[{"name":"wp","href":"https:\/\/api.w.org\/{rel}","templated":true}]}}