{"id":186,"date":"2013-10-09T11:47:56","date_gmt":"2013-10-09T11:47:56","guid":{"rendered":"http:\/\/hotel.buero68.de\/?page_id=186"},"modified":"2013-11-15T11:12:47","modified_gmt":"2013-11-15T11:12:47","slug":"midweek-fur-entdecker-von-mo-fr","status":"publish","type":"page","link":"http:\/\/www.altstadthotel-am-theater.de\/?page_id=186","title":{"rendered":"Midweek \u2013 F\u00fcr Entdecker von Mo-Fr"},"content":{"rendered":"<div class=\"clearfix\">\n<div class=\"one-half\"><img src=\"..\/bilder\/arrangement3b.jpg\"><\/div>\n<div class=\"one-half last-col\"><strong>Entdecken Sie Cottbus, den Spreewald und<br \/>\nie Geschichte der Sorben und Wenden \u2013 unsere Erlebniswoche ab 195 EUR pro Person.<\/strong><br \/>\nOb Theaterbesuch in beeindruckender Jugendstilkulisse, Pyramiden im Branitzer Park, spannender Bergbautourismus, Museen, Universit\u00e4t oder pulsierende Altstadt \u2013 Cottbus bietet jedem etwas. Entdecken Sie das Biosph\u00e4renreservat Spreewald nebenan und tauchen Sie ein in die Mythen der Sorben und Wenden. <\/div>\n<\/div>\n<h3 class=\"title1\" style=\"margin-top:20px\">Details zum Arrangement<\/h3>\n<div class=\"clearfix\">\n<div class=\"one-half\">\n<ul class=\"list2\">\n<li>4 Tage \/ 3 \u00dcbernachtungen im Komfortzimmer<\/li>\n<li>3x Geniesser &#8211; Fr\u00fchst\u00fcck<\/li>\n<li>3x Abendessen in Form eines 3 &#8211; Gang &#8211; Men\u00fcs (ohne Getr\u00e4nke)<\/li>\n<li>Gratis tgl. 1 Flasche Mineralwasser auf dem Zimmer<\/li>\n<li>Gratis Parken auf dem Hoteleigenem Parkplatz<\/li>\n<li>Gratis W-LAN im gesamten Haus<\/li>\n<li>Gratis Kaffee und Tee auf dem Zimmer<\/li>\n<li>Gratis Leihfahrr\u00e4der<\/li><\/ul><\/div><div class=\"one-half last-col\">\n<ul class=\"list2\">\n<li>Ein reich gef\u00fcllter Obstkorb erwartet Sie bereits bei der Anreise.<\/li>\n<li>Anreise Montag oder Dienstag ab 14.00 Uhr<\/li>\n<li>Preis pro Person 195,00 \u20ac inkl. MwSt.<\/li>\n<li>Einzelzimmerzuschlag je Tag 12,00 \u20ac inkl. MwSt.<\/li>\n<li>Upgrade Einzelperson in Doppelzimmer Person&#038;Tag 22 \u20ac inkl. MwSt.<\/li>\n<li>Upgrade ins Premiumzimmer pro Person 12,00 \u20ac inkl. MwSt.<\/li>\n<li>Verl\u00e4ngerungstag pro Person\/Tag 42,00 \u20ac inkl. MwSt.<\/li>\n<\/ul><\/div><\/div>\n<hr \/>\n<p><strong>Buchbar nur per Telefon 0355-3554850 oder E-Mail info@altstadthotel-am-theater.de<\/strong>, ganzj\u00e4hrig mit Anreise am Sonntag, nach Verf\u00fcgbarkeit. Begrenztes Kontingent!  Es ist keine Kombination mit anderen Rabattangeboten m\u00f6glich. <\/p>\n","protected":false},"excerpt":{"rendered":"<p>Details zum Arrangement Buchbar nur per Telefon 0355-3554850 oder E-Mail info@altstadthotel-am-theater.de, ganzj\u00e4hrig mit Anreise am Sonntag, nach Verf\u00fcgbarkeit. Begrenztes Kontingent! Es ist keine Kombination mit <\/p>\n<p><a href=\"http:\/\/www.altstadthotel-am-theater.de\/?page_id=186\" class=\"button2\">Read More &raquo;<\/a><\/p>\n","protected":false},"author":1,"featured_media":0,"parent":7,"menu_order":0,"comment_status":"closed","ping_status":"closed","template":"template-full-width.php","meta":[],"_links":{"self":[{"href":"http:\/\/www.altstadthotel-am-theater.de\/index.php?rest_route=\/wp\/v2\/pages\/186"}],"collection":[{"href":"http:\/\/www.altstadthotel-am-theater.de\/index.php?rest_route=\/wp\/v2\/pages"}],"about":[{"href":"http:\/\/www.altstadthotel-am-theater.de\/index.php?rest_route=\/wp\/v2\/types\/page"}],"author":[{"embeddable":true,"href":"http:\/\/www.altstadthotel-am-theater.de\/index.php?rest_route=\/wp\/v2\/users\/1"}],"replies":[{"embeddable":true,"href":"http:\/\/www.altstadthotel-am-theater.de\/index.php?rest_route=%2Fwp%2Fv2%2Fcomments&post=186"}],"version-history":[{"count":8,"href":"http:\/\/www.altstadthotel-am-theater.de\/index.php?rest_route=\/wp\/v2\/pages\/186\/revisions"}],"predecessor-version":[{"id":509,"href":"http:\/\/www.altstadthotel-am-theater.de\/index.php?rest_route=\/wp\/v2\/pages\/186\/revisions\/509"}],"up":[{"embeddable":true,"href":"http:\/\/www.altstadthotel-am-theater.de\/index.php?rest_route=\/wp\/v2\/pages\/7"}],"wp:attachment":[{"href":"http:\/\/www.altstadthotel-am-theater.de\/index.php?rest_route=%2Fwp%2Fv2%2Fmedia&parent=186"}],"curies":[{"name":"wp","href":"https:\/\/api.w.org\/{rel}","templated":true}]}}