{"id":198,"date":"2013-10-09T11:54:22","date_gmt":"2013-10-09T11:54:22","guid":{"rendered":"http:\/\/hotel.buero68.de\/?page_id=198"},"modified":"2013-11-15T10:59:06","modified_gmt":"2013-11-15T10:59:06","slug":"198-2","status":"publish","type":"page","link":"http:\/\/www.altstadthotel-am-theater.de\/?page_id=198","title":{"rendered":"Cottbus &#038; Spreewald-Kompakt"},"content":{"rendered":"<div class=\"clearfix\">\n<div class=\"one-half\"><img src=\"..\/bilder\/arrangement4b.jpg\"><\/div>\n<div class=\"one-half last-col\"><strong>Genie\u00dfen Sie Cottbus und entdecken Sie den<br \/>\neinzigartigen Spreewald \u2013 die komplette Erlebniswoche<br \/>\nab 439 EUR pro Person.<\/strong><br \/>\nSportlich, erlebnisreich und erholsam: Erleben Sie zwei Attraktionen in einem Arrangement! Cottbus erkunden Sie z.B. bei einer F\u00fchrung mit dem Original-Postkutscher, den einzigartigen Spreewald mit einem vielseitigen Ausflugsprogramm von einer Kahnfahrt \u00fcber Wellness bis zur Schnapsverkostung.<\/div>\n<\/div>\n<h3 class=\"title1\" style=\"margin-top:20px\">Details zum Arrangement<\/h3>\n<div class=\"clearfix\">\n<div class=\"one-half\">\n<ul class=\"list2\">\n<li>7 Tage \/ 6 \u00dcbernachtungen im Komfortzimmer<\/li>\n<li>6 x Geniesserfr\u00fchst\u00fcck<\/li>\n<li>6 x Abendessen in Form eines 3 Gang &#8211; Men\u00fcs (ohne Getr\u00e4nke)<\/li>\n<li>1 x Flasche Prosecco auf dem Zimmer<\/li>\n<li>1 x gef\u00fcllter Obstkorb bei Anreise<\/li>\n<li>tgl. 1 Flasche Mineralwasser auf dem Zimmer<\/li>\n<li>1x Stadtf\u00fchrung mit dem Cottbuser &#8220;Postkutscher&#8221;<\/li>\n<li>1x DDR &#8211; Museum in Burg<\/li>\n<li>1 x Spreewaldkahnfahrt \/ Dauer 2 Stunden<\/li>\n<li>1 x Spreewaldtherme Burg \/ Dauer 2 Stunden<\/li>\n<li>1 x Salzgrotte<\/li><\/ul><\/div><div class=\"one-half last-col\">\n<ul class=\"list2\">\n<li>1 x Aufenthalt im Barfu\u00dfpark \/ Burg inkl. 1 x Flammkuchen je Person<\/li>\n<li>1 x Aufenthalt in der Burger Hofbrennerei mit Verkostung<\/li>\n<li>Gratis Parken auf dem Hoteleigenem Parkplatz<\/li>\n<li>tgl. Gratis Leihfahrr\u00e4der<\/li>\n<li>Gratis W &#8211; LAN im gesamten Haus<\/li>\n<li>tgl. Gratis Kaffee und Tee auf dem Zimmer<\/li>\n<li>Preis pro Person: 439,00 \u20ac inkl. MwSt.<\/li>\n<li>Einzelzimmerzuschlag je Tag 12,00 \u20ac inkl. MwSt.<\/li>\n<li>Upgrade Einzelperson in Doppelzimmer je Tag 22,00 \u20ac inkl. MwSt.<\/li>\n<li>Upgrade ins Premiumzimmer pro Person und Tag 12 \u20ac inkl. MwSt.<\/li>\n<\/ul><\/div><\/div>\n<hr \/>\n<p><strong>Buchbar nur per Telefon 0355-3554850 oder E-Mail info@altstadthotel-am-theater.de<\/strong>, ganzj\u00e4hrig mit Anreise am Sonntag, nach Verf\u00fcgbarkeit. Begrenztes Kontingent!  Es ist keine Kombination mit anderen Rabattangeboten m\u00f6glich. <\/p>\n","protected":false},"excerpt":{"rendered":"<p>Details zum Arrangement Buchbar nur per Telefon 0355-3554850 oder E-Mail info@altstadthotel-am-theater.de, ganzj\u00e4hrig mit Anreise am Sonntag, nach Verf\u00fcgbarkeit. Begrenztes Kontingent! Es ist keine Kombination mit <\/p>\n<p><a href=\"http:\/\/www.altstadthotel-am-theater.de\/?page_id=198\" class=\"button2\">Read More &raquo;<\/a><\/p>\n","protected":false},"author":1,"featured_media":0,"parent":7,"menu_order":0,"comment_status":"closed","ping_status":"open","template":"template-full-width.php","meta":[],"_links":{"self":[{"href":"http:\/\/www.altstadthotel-am-theater.de\/index.php?rest_route=\/wp\/v2\/pages\/198"}],"collection":[{"href":"http:\/\/www.altstadthotel-am-theater.de\/index.php?rest_route=\/wp\/v2\/pages"}],"about":[{"href":"http:\/\/www.altstadthotel-am-theater.de\/index.php?rest_route=\/wp\/v2\/types\/page"}],"author":[{"embeddable":true,"href":"http:\/\/www.altstadthotel-am-theater.de\/index.php?rest_route=\/wp\/v2\/users\/1"}],"replies":[{"embeddable":true,"href":"http:\/\/www.altstadthotel-am-theater.de\/index.php?rest_route=%2Fwp%2Fv2%2Fcomments&post=198"}],"version-history":[{"count":13,"href":"http:\/\/www.altstadthotel-am-theater.de\/index.php?rest_route=\/wp\/v2\/pages\/198\/revisions"}],"predecessor-version":[{"id":501,"href":"http:\/\/www.altstadthotel-am-theater.de\/index.php?rest_route=\/wp\/v2\/pages\/198\/revisions\/501"}],"up":[{"embeddable":true,"href":"http:\/\/www.altstadthotel-am-theater.de\/index.php?rest_route=\/wp\/v2\/pages\/7"}],"wp:attachment":[{"href":"http:\/\/www.altstadthotel-am-theater.de\/index.php?rest_route=%2Fwp%2Fv2%2Fmedia&parent=198"}],"curies":[{"name":"wp","href":"https:\/\/api.w.org\/{rel}","templated":true}]}}