{"id":2,"date":"2013-10-09T09:03:19","date_gmt":"2013-10-09T09:03:19","guid":{"rendered":"http:\/\/hotel.buero68.de\/?page_id=2"},"modified":"2013-11-15T11:48:39","modified_gmt":"2013-11-15T11:48:39","slug":"zimmer","status":"publish","type":"page","link":"http:\/\/www.altstadthotel-am-theater.de\/?page_id=2","title":{"rendered":"Zimmer"},"content":{"rendered":"<div class=\"one-third\">\n<h3 class=\"title1\">Standard<\/h3>\n<div class=\"block-img1\"><a title=\"Standard\" href=\"\/?page_id=333\"><img alt=\"Standard\" src=\"\/bilder\/zimmer_standard.jpg\" \/><\/a><\/div>\n<p>Selbst unsere Standardzimmer sind liebevoll mit vielen kleinen Extras ausgestattet. In den freundlichen Zimmern inklusive Bad k\u00f6nnen Sie ihr Gep\u00e4ck auf einem Kofferblock betten und t\u00e4glich die Tageszeitung am zugeh\u00f6rigen Schreibtisch lesen. Kostenfreies W-LAN geh\u00f6rt bei uns zum guten Ton.<br \/>\n<a href=\"\/?page_id=333\">[Zu den Details]<\/a>\n<\/div>\n<div class=\"one-third\">\n<h3 class=\"title1\">Komfort<\/h3>\n<div class=\"block-img1\"><a title=\"Komfort\" href=\"\/?page_id=358\" rel=\"bookmark\"><img alt=\"Komfort\" src=\"\/bilder\/zimmer_komfort.jpg\" \/><\/a><\/div>\n<p>Unsere Komfortzimmer bieten Ihnen \u00fcber die gute Ausstattung, die bei uns schon Standard ist, ein dickes Plus an Flexibilit\u00e4t.<br \/>\nMehr Platz, gratis Tee und Kaffee zu jeder Wunschzeit auf Ihrem Zimmer sowie t\u00e4glich eine Flasche Mineralwasser sorgen f\u00fcr Ihren komfortablen Aufenthalt.<br \/>\n<a href=\"\/?page_id=358\">[Zu den Details]<\/a>\n<\/div>\n<div class=\"one-third last-col\">\n<h3 class=\"title1\">Premium<\/h3>\n<div class=\"block-img1\"><a title=\"Business\" href=\"\/?page_id=365\" rel=\"bookmark\"><img alt=\"Business\" src=\"\/bilder\/zimmer_premium.jpg\" \/><\/a><\/div>\n<p>Sie wollen unser Hotel in gehobener Atmosph\u00e4re erleben? Dann sind unsere \u00fcberraschend anders eingerichteten Premiumzimmer die richtige Wahl. Teilweise<br \/>\nmit Balkon, Badewanne, elektrischem Hosenb\u00fcgler, Safe oder Sitzgruppe bestimmt hier Ihre Individualit\u00e4t die besondere Wohlf\u00fchlqualit\u00e4t. <a href=\"\/?page_id=365\">[Zu den Details]<\/a>\n<\/div>\n<div class=\"one-third\">\n<h3 class=\"title1\">1-Raum-Appartement<\/h3>\n<div class=\"block-img1\"><a title=\"1-Raum-Appartement\" href=\"\/?page_id=372\"><img alt=\"1-Raum-Appartement\" src=\"\/bilder\/zimmer_business.jpg\" \/><\/a><\/div>\n<p>In unseren ebenerdigen 1-Raum-Appartments genie\u00dfen Sie viel Weite und Entspannung in ruhiger Lage zum Hinterhof. Eine kleine Pantry wartet auf Ihr Kochtalent, eine gro\u00dfe Sitzgruppe bietet Platz f\u00fcr Familie, Freunde oder Besuch. In diesem Zuhause auf Zeit k\u00f6nnen Sie sich frei entfalten. <br \/><a href=\"\/?page_id=372\">[Zu den Details]<\/a>\n<\/div>\n<div class=\"one-third\">\n<h3 class=\"title1\">2-Raum-Appartment<\/h3>\n<div class=\"block-img1\"><a title=\"2-Raum-Appartment\" href=\"\/?page_id=377\" rel=\"bookmark\"><img alt=\"2-Raum-Appartment\" src=\"\/bilder\/zimmer_2raum.jpg\" \/><\/a><\/div>\n<p>Mehr Freiraum geht nicht! Wer es gern weitl\u00e4ufig mag oder wer gemeinsam in Familie oder mit Freunden reist, der hat in unseren 2-Raum-Appartments freie Bahn. Hier k\u00f6nnen bis zu 6 Personen die Tage und N\u00e4chte genie\u00dfen \u2013 bei reichlich Platz f\u00fcr die jeweiligen individuellen Ambitionen. <br \/><a href=\"\/?page_id=377\">[Zu den Details]<\/a>\n<\/div>\n<div class=\"one-third last-col\">\n<h3 class=\"title1\">Genie\u00dfer-Fr\u00fchst\u00fcck<\/h3>\n<div class=\"block-img1\"><a title=\"Business\" href=\"\/?page_id=529\" rel=\"bookmark\"><img alt=\"Business\" src=\"\/bilder\/fruehstueck.jpg\" \/><\/a><\/div>\n<p>Nach einer guten Nacht folgt bei uns immer ein guter Morgen \u2013 mit einem \u00fcberraschend reichhaltigen Fr\u00fchst\u00fccksbuffet.<br \/>\n<a href=\"\/?page_id=529\">[Zu den Details]<\/a>\n<\/div>\n","protected":false},"excerpt":{"rendered":"<p>Standard Selbst unsere Standardzimmer sind liebevoll mit vielen kleinen Extras ausgestattet. In den freundlichen Zimmern inklusive Bad k\u00f6nnen Sie ihr Gep\u00e4ck auf einem Kofferblock betten <\/p>\n<p><a href=\"http:\/\/www.altstadthotel-am-theater.de\/?page_id=2\" class=\"button2\">Read More &raquo;<\/a><\/p>\n","protected":false},"author":1,"featured_media":0,"parent":0,"menu_order":0,"comment_status":"closed","ping_status":"closed","template":"template-full-width.php","meta":[],"_links":{"self":[{"href":"http:\/\/www.altstadthotel-am-theater.de\/index.php?rest_route=\/wp\/v2\/pages\/2"}],"collection":[{"href":"http:\/\/www.altstadthotel-am-theater.de\/index.php?rest_route=\/wp\/v2\/pages"}],"about":[{"href":"http:\/\/www.altstadthotel-am-theater.de\/index.php?rest_route=\/wp\/v2\/types\/page"}],"author":[{"embeddable":true,"href":"http:\/\/www.altstadthotel-am-theater.de\/index.php?rest_route=\/wp\/v2\/users\/1"}],"replies":[{"embeddable":true,"href":"http:\/\/www.altstadthotel-am-theater.de\/index.php?rest_route=%2Fwp%2Fv2%2Fcomments&post=2"}],"version-history":[{"count":27,"href":"http:\/\/www.altstadthotel-am-theater.de\/index.php?rest_route=\/wp\/v2\/pages\/2\/revisions"}],"predecessor-version":[{"id":531,"href":"http:\/\/www.altstadthotel-am-theater.de\/index.php?rest_route=\/wp\/v2\/pages\/2\/revisions\/531"}],"wp:attachment":[{"href":"http:\/\/www.altstadthotel-am-theater.de\/index.php?rest_route=%2Fwp%2Fv2%2Fmedia&parent=2"}],"curies":[{"name":"wp","href":"https:\/\/api.w.org\/{rel}","templated":true}]}}