{"id":209,"date":"2013-10-09T12:03:43","date_gmt":"2013-10-09T12:03:43","guid":{"rendered":"http:\/\/hotel.buero68.de\/?page_id=209"},"modified":"2013-12-04T09:52:33","modified_gmt":"2013-12-04T09:52:33","slug":"spree-advent","status":"publish","type":"page","link":"http:\/\/www.altstadthotel-am-theater.de\/?page_id=209","title":{"rendered":"Spree-Advent"},"content":{"rendered":"<div class=\"clearfix\">\n<div class=\"one-half\"><img src=\"..\/bilder\/arrangement5b.jpg\"><\/div>\n<div class=\"one-half last-col\"><strong>Genie\u00dfen Sie Komfort-N\u00e4chte und Ausfl\u00fcge auf<br \/>\nden gr\u00f6\u00dften Weihnachtsmarkt der Lausitz \u2013 der Xmas-Trip<br \/>\nab 149 EUR pro Person.<\/strong><br \/>\nVerbinden Sie doch Erholung mit dem vorweihnachtlichen Duft von Gl\u00fchwein und gebrannten Mandeln. Nach unserem reichhaltigen Fr\u00fchst\u00fccksbuffet ist Zeit f\u00fcr einen Ausflug auf den gr\u00f6\u00dften Weihnachtsmarkt der Lausitz oder in den Spreewald nebenan.<br \/>\nSchon bei der Anreise erwartet Sie Ihr Weihnachtsteller.<\/div>\n<\/div>\n<h3 class=\"title1\" style=\"margin-top:20px\">Details zum Arrangement<\/h3>\n<div class=\"clearfix\">\n<div class=\"one-half\">\n<ul class=\"list2\">\n<li>3 Tage \/ 2 \u00dcbernachtungen im Komfortzimmer<\/li>\n<li>2x Geniesserfr\u00fchst\u00fcck<\/li>\n<li>2x Abendessen in Form eines 3 Gang &#8211; Men\u00fcs (ohne Getr\u00e4nke)<\/li>\n<li>1x Weihnachtsteller auf dem Zimmer<\/li>\n<li>1 x Spreewaldtherme \/ Burg Dauer 2 Stunden<\/li>\n<li>1 x winterliche Spreewaldkahnfahrt mit w\u00e4rmenden Gl\u00fchwein Dauer 1 &#8211; 2 Stunden ( je nach Witterung)<\/li>\n<li>2 x gratis Gl\u00fchwein auf dem Cottbuser Weihnachtsmarkt<\/li>\n<li>gratis Parken auf dem Hoteleigenen Parkplatz<\/li>\n<\/ul><\/div><div class=\"one-half last-col\">\n<ul class=\"list2\">\n<li>gratis W-LAN im gesamten Haus<\/li>\n<li>gratis tgl. 1 Flasche Mineralwasser auf dem Zimmer<\/li>\n<li>gratis tgl. Kaffee und Tee auf dem Zimmer<\/li>\n<li>Anreise tgl. in der Zeit vom 29.11.-27.12.13 (Verl\u00e4ngerung m\u00f6glich)<\/li>\n<li>Preis pro Person: 149,00 \u20ac inkl. MwSt.<\/li>\n<li>Einzelzimmerzuschlag je Tag 12,00 \u20ac inkl. MwSt.<\/li>\n<li>Upgrade ins Doppelzimmer pro Person und Tag 22 \u20ac inkl. MwSt.<\/li>\n<li>Upgrade ins Premiumzimmer pro Person 12,00 \u20ac inkl. MwSt.<\/li>\n<\/ul><\/div><\/div>\n<hr \/>\n<p><strong>Buchbar nur per Telefon 0355-3554850 oder E-Mail info@altstadthotel-am-theater.de<\/strong>, ganzj\u00e4hrig mit Anreise am Sonntag, nach Verf\u00fcgbarkeit. Begrenztes Kontingent!  Es ist keine Kombination mit anderen Rabattangeboten m\u00f6glich. <\/p>\n","protected":false},"excerpt":{"rendered":"<p>Details zum Arrangement Buchbar nur per Telefon 0355-3554850 oder E-Mail info@altstadthotel-am-theater.de, ganzj\u00e4hrig mit Anreise am Sonntag, nach Verf\u00fcgbarkeit. Begrenztes Kontingent! Es ist keine Kombination mit <\/p>\n<p><a href=\"http:\/\/www.altstadthotel-am-theater.de\/?page_id=209\" class=\"button2\">Read More &raquo;<\/a><\/p>\n","protected":false},"author":1,"featured_media":0,"parent":7,"menu_order":0,"comment_status":"closed","ping_status":"open","template":"template-full-width.php","meta":[],"_links":{"self":[{"href":"http:\/\/www.altstadthotel-am-theater.de\/index.php?rest_route=\/wp\/v2\/pages\/209"}],"collection":[{"href":"http:\/\/www.altstadthotel-am-theater.de\/index.php?rest_route=\/wp\/v2\/pages"}],"about":[{"href":"http:\/\/www.altstadthotel-am-theater.de\/index.php?rest_route=\/wp\/v2\/types\/page"}],"author":[{"embeddable":true,"href":"http:\/\/www.altstadthotel-am-theater.de\/index.php?rest_route=\/wp\/v2\/users\/1"}],"replies":[{"embeddable":true,"href":"http:\/\/www.altstadthotel-am-theater.de\/index.php?rest_route=%2Fwp%2Fv2%2Fcomments&post=209"}],"version-history":[{"count":11,"href":"http:\/\/www.altstadthotel-am-theater.de\/index.php?rest_route=\/wp\/v2\/pages\/209\/revisions"}],"predecessor-version":[{"id":549,"href":"http:\/\/www.altstadthotel-am-theater.de\/index.php?rest_route=\/wp\/v2\/pages\/209\/revisions\/549"}],"up":[{"embeddable":true,"href":"http:\/\/www.altstadthotel-am-theater.de\/index.php?rest_route=\/wp\/v2\/pages\/7"}],"wp:attachment":[{"href":"http:\/\/www.altstadthotel-am-theater.de\/index.php?rest_route=%2Fwp%2Fv2%2Fmedia&parent=209"}],"curies":[{"name":"wp","href":"https:\/\/api.w.org\/{rel}","templated":true}]}}