{"id":220,"date":"2013-10-09T12:08:16","date_gmt":"2013-10-09T12:08:16","guid":{"rendered":"http:\/\/hotel.buero68.de\/?page_id=220"},"modified":"2013-12-04T09:53:18","modified_gmt":"2013-12-04T09:53:18","slug":"fc-energie-fusballzeit","status":"publish","type":"page","link":"http:\/\/www.altstadthotel-am-theater.de\/?page_id=220","title":{"rendered":"FC Energie \u2013 Fu\u00dfballzeit"},"content":{"rendered":"<div class=\"clearfix\">\n<div class=\"one-half\"><img src=\"..\/bilder\/arrangement6b.jpg\"><\/div>\n<div class=\"one-half last-col\"><strong>Fiebern Sie im Stadion mit unserem FC Energie Cottbus<br \/>\nund genie\u00dfen Sie das Drumherum.<br \/>\nUnser Fanpaket ab 39 EUR pro Person.<\/strong><br \/>\nDer FC Energie Cottbus ist das erfolgreichste Fu\u00dfballteams des Ostens seit der Wende. Ob in der Nordwand oder auf der Trib\u00fcne \u2013 jubeln Sie f\u00fcr unser Bundesliga-Team! Wir st\u00e4rken Sie mit einem Genie\u00dfer-Fr\u00fchst\u00fcck. Bei garantierter Buchung reservieren wir<br \/>\nIhnen auch Karten (vorher telefonisch anfragen).<\/div>\n<\/div>\n<h3 class=\"title1\" style=\"margin-top:20px\">Details zum Arrangement<\/h3>\n<div class=\"clearfix\">\n<div class=\"one-half\">\n<ul class=\"list2\">\n<li>2Tage \/ 1 \u00dcbernachtung im Standardzimmer<\/li>\n<li>1x Geniesserfr\u00fchst\u00fcck<\/li>\n<li>1x Freibier im Restaurant &#8220;Friedrich`s&#8221;<\/li>\n<li>Gratis Parken auf dem Hoteleigenem Parkplatz<\/li>\n<li>Gratis W-LAN im gesamten Haus<\/li>\n<li>Kartenreservierung m\u00f6glich bei garantierter Buchung, auch Sitzplatz (unbedingt telefonisch anfragen)<\/li>\n<\/ul><\/div><div class=\"one-half last-col\">\n<ul class=\"list2\">\n<li>Preis pro Person: 39,00\u20ac inkl. MwSt.<\/li>\n<li>Einzelzimmerzuschlag je Tag 12,00 \u20ac inkl. MwSt.<\/li>\n<li>Upgrade ins Doppelzimmer pro Person und Tag 22 \u20ac inkl. MwSt.<\/li>\n<li>Upgrade ins Komfortzimmer pro Person 12,00 \u20ac inkl. MwSt.<\/li>\n<\/ul><\/div><\/div>\n<hr \/>\n<p><strong>Buchbar nur per Telefon 0355-3554850 oder E-Mail info@altstadthotel-am-theater.de<\/strong>, ganzj\u00e4hrig mit Anreise am Sonntag, nach Verf\u00fcgbarkeit. Begrenztes Kontingent!  Es ist keine Kombination mit anderen Rabattangeboten m\u00f6glich. <\/p>\n","protected":false},"excerpt":{"rendered":"<p>Details zum Arrangement Buchbar nur per Telefon 0355-3554850 oder E-Mail info@altstadthotel-am-theater.de, ganzj\u00e4hrig mit Anreise am Sonntag, nach Verf\u00fcgbarkeit. Begrenztes Kontingent! Es ist keine Kombination mit <\/p>\n<p><a href=\"http:\/\/www.altstadthotel-am-theater.de\/?page_id=220\" class=\"button2\">Read More &raquo;<\/a><\/p>\n","protected":false},"author":1,"featured_media":0,"parent":7,"menu_order":0,"comment_status":"closed","ping_status":"open","template":"template-full-width.php","meta":[],"_links":{"self":[{"href":"http:\/\/www.altstadthotel-am-theater.de\/index.php?rest_route=\/wp\/v2\/pages\/220"}],"collection":[{"href":"http:\/\/www.altstadthotel-am-theater.de\/index.php?rest_route=\/wp\/v2\/pages"}],"about":[{"href":"http:\/\/www.altstadthotel-am-theater.de\/index.php?rest_route=\/wp\/v2\/types\/page"}],"author":[{"embeddable":true,"href":"http:\/\/www.altstadthotel-am-theater.de\/index.php?rest_route=\/wp\/v2\/users\/1"}],"replies":[{"embeddable":true,"href":"http:\/\/www.altstadthotel-am-theater.de\/index.php?rest_route=%2Fwp%2Fv2%2Fcomments&post=220"}],"version-history":[{"count":7,"href":"http:\/\/www.altstadthotel-am-theater.de\/index.php?rest_route=\/wp\/v2\/pages\/220\/revisions"}],"predecessor-version":[{"id":550,"href":"http:\/\/www.altstadthotel-am-theater.de\/index.php?rest_route=\/wp\/v2\/pages\/220\/revisions\/550"}],"up":[{"embeddable":true,"href":"http:\/\/www.altstadthotel-am-theater.de\/index.php?rest_route=\/wp\/v2\/pages\/7"}],"wp:attachment":[{"href":"http:\/\/www.altstadthotel-am-theater.de\/index.php?rest_route=%2Fwp%2Fv2%2Fmedia&parent=220"}],"curies":[{"name":"wp","href":"https:\/\/api.w.org\/{rel}","templated":true}]}}