{"id":23,"date":"2012-07-20T04:16:52","date_gmt":"2012-07-20T04:16:52","guid":{"rendered":"http:\/\/192.168.1.2\/hotel\/www2\/?page_id=23"},"modified":"2013-12-04T09:59:40","modified_gmt":"2013-12-04T09:59:40","slug":"lageplan","status":"publish","type":"page","link":"http:\/\/www.altstadthotel-am-theater.de\/?page_id=23","title":{"rendered":"Kontakt &#038; Lageplan"},"content":{"rendered":"<script type=\"text\/javascript\" src=\"http:\/\/maps.google.com\/maps\/api\/js?sensor=false\"><\/script><script type=\"text\/javascript\" src=\"http:\/\/www.altstadthotel-am-theater.de\/wp-content\/themes\/nice_hotel\/js\/jquery.gmap.min.js\"><\/script><div id=\"google-map\" style=\"width:914px;height:400px;\"><\/div><script type=\"text\/javascript\">\n\t\tjQuery(document).ready(function(jQuery) {\n\t\t\t\tjQuery(\"#google-map\").gMap({latitude: 0,longitude: 0,maptype: \"ROADMAP\",zoom: 16,markers: [\n\t\t\t\t\t\t{latitude: 0,longitude: 0,address: \"Bahnhofstra\u00dfe 57,03046 Cottbus, Germany\",popup: true,html: \"\"}\n\t\t\t\t\t],controls: {panControl: true,zoomControl: true,mapTypeControl: true,scaleControl: true,streetViewControl: false,overviewMapControl: false}\n\t\t\t\t});\n\t\t});\n\t\t<\/script>\n\t\n\t\n<div class=\"one-half\">\n<h3 class=\"title1\" style=\"margin-top:0px\">Zur Lage<\/h3>\n<p>Unser Motto lautet: Mittendrin statt nur dabei! Wir sind ein Hotel der kurzen Wege. Aus dem Fenster schauen wir auf das Cottbuser Staatstheater, einen imposanten Jugendstilbau. Nur wenige Schritte sind es bis zur Altstadt von Cottbus, zu zahlreichen Shoppingmeilen, zur Spielbank \u201eJoker`s-Place\u201c, dem Wahrzeichen Spremberger Turm oder Kulturorten wie Stadthalle und Kunstmuseum. Von viel Gr\u00fcn umgeben liegt auch die Universit\u00e4t direkt nebenan. Cottbus ist neben Wirtschaft und Kultur auch eine Stadt f\u00fcr guten Sport. Ob das Fu\u00dfballteam vom FC Energie oder Weltklasse Turner und Radsprinter \u2013 der Walk of Fame vor dem Cottbuser Rathaus<br \/>\nzeugt von den Weltmeistern und Olympiasiegern unserer Stadt. Entsprechend reich best\u00fcckt ist der Cottbuser Sportkalender.<br \/>\nAber auch das Cottbuser Umland hat sich mit einer sehr facettenreichen Touristik beeindruckend entwickelt.<br \/>\nNeben dem beliebten Biosph\u00e4renreservat Spreewald gibt es spannende Angebote im Bergbautourismus, die eine Landschaft im Wandel erschlie\u00dfen. Unweit entsteht das gr\u00f6\u00dfte k\u00fcnstliche Seengebiet Europas. Viele Fahrradtouristen, die regelm\u00e4\u00dfig bei uns einkehren, sind von der Lausitz begeistert. Hier finden Sie Anregungen zu Ausfl\u00fcgen in die unmittelbare Umgebung und das Umland unseres Hotels.<\/p>\n<h3 class=\"title1\" style=\"margin-top:0px\">Kontaktinformationen<\/h3>\n<ul class=\"list2\"><\/ul>\n<li>Altstadthotel &#8220;Am Theater&#8221;<\/li>\n<li>Bahnhofstra\u00dfe 57 \/ 03046 Cottbus<\/li>\n<li>T 0355 3554850 \/ F 0355 35548510<\/li>\n<li>E info@altstadthotel-am-theater.de<\/li>\n<\/div><br class=\"clear\" \/><br \/>\n<div class=\"one-half last-col\">\n<h3 class=\"title1\" style=\"margin-top:0px\">Kontaktformular<\/h3>\n<div role=\"form\" class=\"wpcf7\" id=\"wpcf7-f396-o1\" lang=\"en-US\" dir=\"ltr\">\n<div class=\"screen-reader-response\"><p role=\"status\" aria-live=\"polite\" aria-atomic=\"true\"><\/p> <ul><\/ul><\/div>\n<form action=\"\/index.php?rest_route=%2Fwp%2Fv2%2Fpages%2F23#wpcf7-f396-o1\" method=\"post\" class=\"wpcf7-form init\" novalidate=\"novalidate\" data-status=\"init\">\n<div style=\"display: none;\">\n<input type=\"hidden\" name=\"_wpcf7\" value=\"396\" \/>\n<input type=\"hidden\" name=\"_wpcf7_version\" value=\"5.4\" \/>\n<input type=\"hidden\" name=\"_wpcf7_locale\" value=\"en_US\" \/>\n<input type=\"hidden\" name=\"_wpcf7_unit_tag\" value=\"wpcf7-f396-o1\" \/>\n<input type=\"hidden\" name=\"_wpcf7_container_post\" value=\"0\" \/>\n<input type=\"hidden\" name=\"_wpcf7_posted_data_hash\" value=\"\" \/>\n<\/div>\n<p>Ihr Name (Pflichtfeld)<br \/>\n <span class=\"wpcf7-form-control-wrap your-name\"><input type=\"text\" name=\"your-name\" value=\"\" size=\"40\" class=\"wpcf7-form-control wpcf7-text wpcf7-validates-as-required\" aria-required=\"true\" aria-invalid=\"false\" \/><\/span> <\/p>\n<p style=\"margin-top:-20px;\">Ihr E-Mail-Adresse (Pflichtfeld)<br \/><span class=\"wpcf7-form-control-wrap your-email\"><input type=\"text\" name=\"your-email\" value=\"\" size=\"40\" class=\"wpcf7-form-control wpcf7-text wpcf7-validates-as-required\" aria-required=\"true\" aria-invalid=\"false\" \/><\/span><\/p>\n<p style=\"margin-top:-20px;\">Betreff<br \/>\n    <span class=\"wpcf7-form-control-wrap your-subject\"><input type=\"text\" name=\"your-subject\" value=\"\" size=\"40\" class=\"wpcf7-form-control wpcf7-text\" aria-invalid=\"false\" \/><\/span> <\/p>\n<p style=\"margin-top:-20px;\">Ihre Nachricht<br \/>\n    <span class=\"wpcf7-form-control-wrap your-message\"><textarea name=\"your-message\" cols=\"40\" rows=\"10\" class=\"wpcf7-form-control wpcf7-textarea\" aria-invalid=\"false\"><\/textarea><\/span> <\/p>\n<p><input type=\"hidden\" name=\"_wpcf7_captcha_challenge_captcha-1\" value=\"2637529296\" \/><img class=\"wpcf7-form-control wpcf7-captchac wpcf7-captcha-captcha-1\" width=\"72\" height=\"24\" alt=\"captcha\" src=\"http:\/\/www.altstadthotel-am-theater.de\/wp-content\/uploads\/wpcf7_captcha\/2637529296.png\" \/> <span class=\"wpcf7-form-control-wrap captcha-1\"><input type=\"text\" name=\"captcha-1\" value=\"\" size=\"40\" class=\"wpcf7-form-control wpcf7-captchar\" autocomplete=\"off\" aria-invalid=\"false\" \/><\/span><br \/>\nBitte geben Sie die Zeichenfolge ein um Ihre Nachricht abzusenden.\n<p><input type=\"submit\" value=\"Senden\" class=\"wpcf7-form-control wpcf7-submit\" \/><\/p>\n<div class=\"wpcf7-response-output\" aria-hidden=\"true\"><\/div><\/form><\/div><\/div>\n","protected":false},"excerpt":{"rendered":"","protected":false},"author":1,"featured_media":0,"parent":74,"menu_order":0,"comment_status":"closed","ping_status":"closed","template":"template-full-width.php","meta":[],"_links":{"self":[{"href":"http:\/\/www.altstadthotel-am-theater.de\/index.php?rest_route=\/wp\/v2\/pages\/23"}],"collection":[{"href":"http:\/\/www.altstadthotel-am-theater.de\/index.php?rest_route=\/wp\/v2\/pages"}],"about":[{"href":"http:\/\/www.altstadthotel-am-theater.de\/index.php?rest_route=\/wp\/v2\/types\/page"}],"author":[{"embeddable":true,"href":"http:\/\/www.altstadthotel-am-theater.de\/index.php?rest_route=\/wp\/v2\/users\/1"}],"replies":[{"embeddable":true,"href":"http:\/\/www.altstadthotel-am-theater.de\/index.php?rest_route=%2Fwp%2Fv2%2Fcomments&post=23"}],"version-history":[{"count":30,"href":"http:\/\/www.altstadthotel-am-theater.de\/index.php?rest_route=\/wp\/v2\/pages\/23\/revisions"}],"predecessor-version":[{"id":557,"href":"http:\/\/www.altstadthotel-am-theater.de\/index.php?rest_route=\/wp\/v2\/pages\/23\/revisions\/557"}],"up":[{"embeddable":true,"href":"http:\/\/www.altstadthotel-am-theater.de\/index.php?rest_route=\/wp\/v2\/pages\/74"}],"wp:attachment":[{"href":"http:\/\/www.altstadthotel-am-theater.de\/index.php?rest_route=%2Fwp%2Fv2%2Fmedia&parent=23"}],"curies":[{"name":"wp","href":"https:\/\/api.w.org\/{rel}","templated":true}]}}