{"id":317,"date":"2013-10-09T13:42:54","date_gmt":"2013-10-09T13:42:54","guid":{"rendered":"http:\/\/hotel.buero68.de\/?page_id=317"},"modified":"2013-12-04T10:00:25","modified_gmt":"2013-12-04T10:00:25","slug":"gastebuch","status":"publish","type":"page","link":"http:\/\/www.altstadthotel-am-theater.de\/?page_id=317","title":{"rendered":"G\u00e4stebuch"},"content":{"rendered":"<h2 class=\"intro-msg\">Geben Sie auch viel auf die Meinung anderer? Dann Lesen Sie doch einmal, was G\u00e4ste uns als Gru\u00df hinterlassen haben.<\/h2>\n<p style=\"text-align: center;margin-top:-15px;\"><strong>88 % unserer Hotelg\u00e4ste w\u00fcrden unser Hotel ihren Freunden empfehlen<\/strong><br \/>\n\u2013 das sagen die G\u00e4stemeinungen auf Deutschlands unabh\u00e4ngiger Hotelsuche www.booking.com<\/p>\n<hr style=\"margin-top: 20px;margin-bottom: 20px;\" \/>\n","protected":false},"excerpt":{"rendered":"<p>Geben Sie auch viel auf die Meinung anderer? Dann Lesen Sie doch einmal, was G\u00e4ste uns als Gru\u00df hinterlassen haben. 88 % unserer Hotelg\u00e4ste w\u00fcrden <\/p>\n<p><a href=\"http:\/\/www.altstadthotel-am-theater.de\/?page_id=317\" class=\"button2\">Read More &raquo;<\/a><\/p>\n","protected":false},"author":1,"featured_media":0,"parent":74,"menu_order":0,"comment_status":"open","ping_status":"open","template":"template-full-width.php","meta":[],"_links":{"self":[{"href":"http:\/\/www.altstadthotel-am-theater.de\/index.php?rest_route=\/wp\/v2\/pages\/317"}],"collection":[{"href":"http:\/\/www.altstadthotel-am-theater.de\/index.php?rest_route=\/wp\/v2\/pages"}],"about":[{"href":"http:\/\/www.altstadthotel-am-theater.de\/index.php?rest_route=\/wp\/v2\/types\/page"}],"author":[{"embeddable":true,"href":"http:\/\/www.altstadthotel-am-theater.de\/index.php?rest_route=\/wp\/v2\/users\/1"}],"replies":[{"embeddable":true,"href":"http:\/\/www.altstadthotel-am-theater.de\/index.php?rest_route=%2Fwp%2Fv2%2Fcomments&post=317"}],"version-history":[{"count":14,"href":"http:\/\/www.altstadthotel-am-theater.de\/index.php?rest_route=\/wp\/v2\/pages\/317\/revisions"}],"predecessor-version":[{"id":560,"href":"http:\/\/www.altstadthotel-am-theater.de\/index.php?rest_route=\/wp\/v2\/pages\/317\/revisions\/560"}],"up":[{"embeddable":true,"href":"http:\/\/www.altstadthotel-am-theater.de\/index.php?rest_route=\/wp\/v2\/pages\/74"}],"wp:attachment":[{"href":"http:\/\/www.altstadthotel-am-theater.de\/index.php?rest_route=%2Fwp%2Fv2%2Fmedia&parent=317"}],"curies":[{"name":"wp","href":"https:\/\/api.w.org\/{rel}","templated":true}]}}