{"id":333,"date":"2013-10-10T08:13:09","date_gmt":"2013-10-10T08:13:09","guid":{"rendered":"http:\/\/hotel.buero68.de\/?page_id=333"},"modified":"2013-12-04T09:36:21","modified_gmt":"2013-12-04T09:36:21","slug":"standard","status":"publish","type":"page","link":"http:\/\/www.altstadthotel-am-theater.de\/?page_id=333","title":{"rendered":"Standard"},"content":{"rendered":"<div class=\"clearfix\">\n<div class=\"one-half\"><img src=\"..\/bilder\/zimmer_standard_b.jpg\"><\/div>\n<div class=\"one-half last-col\">Selbst unsere Standardzimmer sind liebevoll mit vielen kleinen Extras ausgestattet. In den freundlichen Zimmern inklusive Bad k\u00f6nnen Sie ihr Gep\u00e4ck auf einem Kofferblock betten und t\u00e4glich die Tageszeitung am zugeh\u00f6rigen Schreibtisch lesen. Kostenfreies W-LAN geh\u00f6rt bei uns zum guten Ton.<\/p>\n<a href=\"\/?page_id=51\" class=\"button2\">Jetzt buchen<\/a><div class=\"clearboth\"><\/div>\n<\/div>\n<\/div>\n<h3 class=\"title1\" style=\"margin-top:20px\">Details zum Zimmer<\/h3>\n<div class=\"clearfix\">\n<div class=\"one-half\">\n<ul class=\"list2\">\n<li>Einzelzimmer 14-20m\u00b2<\/li>\n<li>Doppelzimmer 20-28m\u00b2<\/li>\n<li>LCD-TV 26 Zoll<\/li>\n<li>Kofferblock<\/li>\n<li>Schrank<\/li>\n<li>Telefon<\/li>\n<li>Schreibtischlampe<\/li>\n<li>Stehlampe<\/li>\n<\/ul><\/div><div class=\"one-half last-col\">\n<ul class=\"list2\">\n<li>Nachtischlampe<\/li>\n<li>F\u00f6n<\/li>\n<li>Dusch und Haarshampoo<\/li>\n<li>Schreibtisch<\/li>\n<li>teilweise mit Minibar<\/li>\n<li>gro\u00dfer Spiegel<\/li>\n<li>B\u00fcgeleisen an der Rezeption erh\u00e4ltlich<\/li>\n<li>Verdunklungsgardinen<\/li>\n<\/ul><\/div><\/div>\n<hr \/>\n","protected":false},"excerpt":{"rendered":"<p>Details zum Zimmer<\/p>\n","protected":false},"author":1,"featured_media":0,"parent":2,"menu_order":0,"comment_status":"closed","ping_status":"open","template":"template-full-width.php","meta":[],"_links":{"self":[{"href":"http:\/\/www.altstadthotel-am-theater.de\/index.php?rest_route=\/wp\/v2\/pages\/333"}],"collection":[{"href":"http:\/\/www.altstadthotel-am-theater.de\/index.php?rest_route=\/wp\/v2\/pages"}],"about":[{"href":"http:\/\/www.altstadthotel-am-theater.de\/index.php?rest_route=\/wp\/v2\/types\/page"}],"author":[{"embeddable":true,"href":"http:\/\/www.altstadthotel-am-theater.de\/index.php?rest_route=\/wp\/v2\/users\/1"}],"replies":[{"embeddable":true,"href":"http:\/\/www.altstadthotel-am-theater.de\/index.php?rest_route=%2Fwp%2Fv2%2Fcomments&post=333"}],"version-history":[{"count":19,"href":"http:\/\/www.altstadthotel-am-theater.de\/index.php?rest_route=\/wp\/v2\/pages\/333\/revisions"}],"predecessor-version":[{"id":542,"href":"http:\/\/www.altstadthotel-am-theater.de\/index.php?rest_route=\/wp\/v2\/pages\/333\/revisions\/542"}],"up":[{"embeddable":true,"href":"http:\/\/www.altstadthotel-am-theater.de\/index.php?rest_route=\/wp\/v2\/pages\/2"}],"wp:attachment":[{"href":"http:\/\/www.altstadthotel-am-theater.de\/index.php?rest_route=%2Fwp%2Fv2%2Fmedia&parent=333"}],"curies":[{"name":"wp","href":"https:\/\/api.w.org\/{rel}","templated":true}]}}