{"id":430,"date":"2013-10-10T09:42:25","date_gmt":"2013-10-10T09:42:25","guid":{"rendered":"http:\/\/hotel.buero68.de\/?page_id=430"},"modified":"2025-12-19T10:13:29","modified_gmt":"2025-12-19T10:13:29","slug":"impressum","status":"publish","type":"page","link":"http:\/\/www.altstadthotel-am-theater.de\/?page_id=430","title":{"rendered":"Impressum"},"content":{"rendered":"<div class=\"clearfix\">\n<div class=\"one-half\">\n<strong>Altstadthotel \u201eAm Theater\u201c<\/strong><br \/>\n\n<li>Fortuna H.P.S.D. GmbH<\/li>\n<li>Gesch\u00e4ftsf\u00fchrer: Horst Christian Wagner<\/li>\n<li>Bahnhofstra\u00dfe 57, 03046 Cottbus<\/li>\n<li>Telefon 0355 3554850, Fax 0355 35548510<\/li>\n<li>E-Mail info@altstadthotel-am-theater.de<\/li>\n<li>Steuer ID  DE 280952155<\/li>\n<li>Steuernummer: 056\/108\/05282<\/li>\n<\/p>\n<\/ul>\n<img src=\"http:\/\/www.altstadthotel-am-theater.de\/wp-content\/uploads\/2025\/12\/kofinanziert_eu.png\"\/><br \/>\nTransformationsberatung f\u00fcr KMU Modul Analyse \u2013 <a href=\"http:\/\/www.altstadthotel-am-theater.de\/wp-content\/uploads\/2025\/12\/Plakat-1.pdf\">[vollst\u00e4ndiges PDF anzeigen]<\/a><\/p>\n<\/div>\n<div class=\"one-half last-col\">\n<strong>Website-Konzeption<\/strong><br \/>\n<ul class=\"list2\">\n<li>zwei helden UG<\/li>\n<li><a href=\"http:\/\/www.zweihelden.de\">www.zweihelden.de<\/a><\/li>\n<\/ul>\n<strong>Umsetzung und Gestaltung<\/strong><br \/>\n<ul class=\"list2\">\n<li>buero68 Cottbus<\/li>\n<li><a href=\"http:\/\/www.buero68.de\">www.buero68.de<\/a><\/li>\n<\/ul>\n<\/div>\n<\/div>\n<div class=\"accordion\">\n<h4>Datenschutz<\/h4><div>Wir respektieren die Privatsph\u00e4re jeder Person, die unsere Website besucht. Wenn Sie mit uns Kontakt aufnehmen, werden lediglich Name, Unternehmen, Branche, Postanschrift, eMail-Adresse, Anfragetyp und etwaige sonstige Informationen gespeichert, die f\u00fcr die Bearbeitung Ihrer Anfrage von Belang sind. Wenn Sie uns mitteilen, dass diese Informationen nicht f\u00fcr weitere Kontakte verwendet werden sollen, werden wir Ihrer Bitte nachkommen. Ansonsten verwenden wir diese Informationen auch zur Kontaktaufnahme mit Ihnen im Zusammenhang mit unseren Serviceleistungen, die f\u00fcr Sie von Interesse sein d\u00fcrften. Haben Sie uns personenbezogene Daten zur Verf\u00fcgung gestellt uns w\u00fcnschen Sie nun die L\u00f6schung dieser Informationen, ersuchen wir Sie, uns eine e-Mail an info@altstadthotel-am-theater.de  oder einen Brief zu schreiben. Bitte kontaktieren Sie uns auch auf diesem Wege, falls Sie wissen m\u00f6chten, ob und welche Daten wir \u00fcber Sie gesammelt haben. Wir werden uns bem\u00fchen, Ihrem Wunsch umgehend nachzukommen.<\/div>\n<h4>Haftungshinweis<\/h4><div>Trotz sorgf\u00e4ltiger inhaltlicher Kontrolle \u00fcbernehmen wir keine Haftung f\u00fcr die Inhalte externer Links. F\u00fcr den Inhalt der verlinkten Seiten sind ausschlie\u00dflich deren Betreiber verantwortlich.<\/div>\n<h4>Verwendung von Google Analytics<\/h4><div>Diese Website benutzt Google Analytics, einen Webanalysedienst der Google Inc. (\u201eGoogle\u201c). Google Analytics verwendet sog. \u201eCookies\u201c, Textdateien, die auf Ihrem Computer gespeichert werden und die eine Analyse der Benutzung der Website durch Sie erm\u00f6glichen. Die durch den Cookie erzeugten Informationen \u00fcber Ihre Benutzung dieser Website (einschlie\u00dflich Ihrer IP-Adresse) wird an einen Server von Google in den USA \u00fcbertragen und dort gespeichert. Google wird diese Informationen benutzen, um Ihre Nutzung der Website auszuwerten, um Reports \u00fcber die Websiteaktivit\u00e4ten f\u00fcr die Websitebetreiber zusammenzustellen und um weitere mit der Websitenutzung und der Internetnutzung verbundene Dienstleistungen zu erbringen. Auch wird Google diese Informationen gegebenenfalls an Dritte \u00fcbertragen, sofern dies gesetzlich vorgeschrieben oder soweit Dritte diese Daten im Auftrag von Google verarbeiten. Google wird in keinem Fall Ihre IP-Adresse mit anderen Daten von Google in Verbindung bringen. Sie k\u00f6nnen die Installation der Cookies durch eine entsprechende Einstellung Ihrer Browser Software verhindern; wir weisen Sie jedoch darauf hin, dass Sie in diesem Fall gegebenenfalls nicht s\u00e4mtliche Funktionen dieser Website vollumf\u00e4nglich nutzen k\u00f6nnen. Durch die Nutzung dieser Website erkl\u00e4ren Sie sich mit der Bearbeitung der \u00fcber Sie erhobenen Daten durch Google in der zuvor beschriebenen Art und Weise und zu dem zuvor benannten Zweck einverstanden.<\/div>\n<h4>Plattform zur Online-Streitbeilegung der Europ\u00e4ischen Kommission:<\/h4><div><a href=\"http:\/\/ec.europa.eu\/consumers\/odr\/\">Zur Webseite<\/a><\/div>\n<\/div>\n","protected":false},"excerpt":{"rendered":"","protected":false},"author":1,"featured_media":0,"parent":0,"menu_order":0,"comment_status":"closed","ping_status":"open","template":"template-full-width.php","meta":[],"_links":{"self":[{"href":"http:\/\/www.altstadthotel-am-theater.de\/index.php?rest_route=\/wp\/v2\/pages\/430"}],"collection":[{"href":"http:\/\/www.altstadthotel-am-theater.de\/index.php?rest_route=\/wp\/v2\/pages"}],"about":[{"href":"http:\/\/www.altstadthotel-am-theater.de\/index.php?rest_route=\/wp\/v2\/types\/page"}],"author":[{"embeddable":true,"href":"http:\/\/www.altstadthotel-am-theater.de\/index.php?rest_route=\/wp\/v2\/users\/1"}],"replies":[{"embeddable":true,"href":"http:\/\/www.altstadthotel-am-theater.de\/index.php?rest_route=%2Fwp%2Fv2%2Fcomments&post=430"}],"version-history":[{"count":21,"href":"http:\/\/www.altstadthotel-am-theater.de\/index.php?rest_route=\/wp\/v2\/pages\/430\/revisions"}],"predecessor-version":[{"id":617,"href":"http:\/\/www.altstadthotel-am-theater.de\/index.php?rest_route=\/wp\/v2\/pages\/430\/revisions\/617"}],"wp:attachment":[{"href":"http:\/\/www.altstadthotel-am-theater.de\/index.php?rest_route=%2Fwp%2Fv2%2Fmedia&parent=430"}],"curies":[{"name":"wp","href":"https:\/\/api.w.org\/{rel}","templated":true}]}}