{"id":529,"date":"2013-11-15T11:47:41","date_gmt":"2013-11-15T11:47:41","guid":{"rendered":"http:\/\/hotel.buero68.de\/?page_id=529"},"modified":"2013-12-04T09:48:26","modified_gmt":"2013-12-04T09:48:26","slug":"genieser-fruhstuck","status":"publish","type":"page","link":"http:\/\/www.altstadthotel-am-theater.de\/?page_id=529","title":{"rendered":"Genie\u00dfer-Fr\u00fchst\u00fcck"},"content":{"rendered":"<h2 class=\"intro-msg\">Nach einer erholsamen Nacht folgt bei uns immer ein guter Morgen \u2013 mit einem \u00fcberraschend reichhaltigen Fr\u00fchst\u00fccksbuffet.<\/h2>\n\n\t\t<div id='gallery-1' class='gallery galleryid-529 gallery-columns-3 gallery-size-thumbnail'><dl class='gallery-item'><dt class='gallery-icon'><a href=\"http:\/\/www.altstadthotel-am-theater.de\/wp-content\/uploads\/2013\/10\/Restaurant-1.jpg\" rel=\"prettyPhoto[gallery-]\" title=\"Restaurant-1\"><span class=\"zoom-wrapper\">\n\t\t\t\t\t<span class=\"zoom\"><\/span>\n\t\t\t\t<\/span><img src=\"http:\/\/www.altstadthotel-am-theater.de\/wp-content\/uploads\/2013\/10\/Restaurant-1-500x500.jpg\" alt=\"\" \/><\/a><\/dt><\/dl><dl class='gallery-item'><dt class='gallery-icon'><a href=\"http:\/\/www.altstadthotel-am-theater.de\/wp-content\/uploads\/2013\/10\/Restaurant-2.jpg\" rel=\"prettyPhoto[gallery-]\" title=\"Restaurant-2\"><span class=\"zoom-wrapper\">\n\t\t\t\t\t<span class=\"zoom\"><\/span>\n\t\t\t\t<\/span><img src=\"http:\/\/www.altstadthotel-am-theater.de\/wp-content\/uploads\/2013\/10\/Restaurant-2-500x500.jpg\" alt=\"\" \/><\/a><\/dt><\/dl><dl class='gallery-item'><dt class='gallery-icon'><a href=\"http:\/\/www.altstadthotel-am-theater.de\/wp-content\/uploads\/2013\/10\/Restaurant-3.jpg\" rel=\"prettyPhoto[gallery-]\" title=\"Restaurant-3\"><span class=\"zoom-wrapper\">\n\t\t\t\t\t<span class=\"zoom\"><\/span>\n\t\t\t\t<\/span><img src=\"http:\/\/www.altstadthotel-am-theater.de\/wp-content\/uploads\/2013\/10\/Restaurant-3-500x500.jpg\" alt=\"\" \/><\/a><\/dt><\/dl><dl class='gallery-item'><dt class='gallery-icon'><a href=\"http:\/\/www.altstadthotel-am-theater.de\/wp-content\/uploads\/2013\/10\/Restaurant-4.jpg\" rel=\"prettyPhoto[gallery-]\" title=\"Restaurant-4\"><span class=\"zoom-wrapper\">\n\t\t\t\t\t<span class=\"zoom\"><\/span>\n\t\t\t\t<\/span><img src=\"http:\/\/www.altstadthotel-am-theater.de\/wp-content\/uploads\/2013\/10\/Restaurant-4-500x500.jpg\" alt=\"\" \/><\/a><\/dt><\/dl><dl class='gallery-item'><dt class='gallery-icon'><a href=\"http:\/\/www.altstadthotel-am-theater.de\/wp-content\/uploads\/2013\/12\/Restaurant-5.jpg\" rel=\"prettyPhoto[gallery-]\" title=\"Restaurant-5\"><span class=\"zoom-wrapper\">\n\t\t\t\t\t<span class=\"zoom\"><\/span>\n\t\t\t\t<\/span><img src=\"http:\/\/www.altstadthotel-am-theater.de\/wp-content\/uploads\/2013\/12\/Restaurant-5-500x500.jpg\" alt=\"\" \/><\/a><\/dt><\/dl><dl class='gallery-item'><dt class='gallery-icon'><a href=\"http:\/\/www.altstadthotel-am-theater.de\/wp-content\/uploads\/2013\/10\/Restaurant-6.jpg\" rel=\"prettyPhoto[gallery-]\" title=\"Restaurant-6\"><span class=\"zoom-wrapper\">\n\t\t\t\t\t<span class=\"zoom\"><\/span>\n\t\t\t\t<\/span><img src=\"http:\/\/www.altstadthotel-am-theater.de\/wp-content\/uploads\/2013\/10\/Restaurant-6-500x500.jpg\" alt=\"\" \/><\/a><\/dt><\/dl><dl class='gallery-item'><dt class='gallery-icon'><a href=\"http:\/\/www.altstadthotel-am-theater.de\/wp-content\/uploads\/2013\/10\/Restaurant-7.jpg\" rel=\"prettyPhoto[gallery-]\" title=\"Restaurant-7\"><span class=\"zoom-wrapper\">\n\t\t\t\t\t<span class=\"zoom\"><\/span>\n\t\t\t\t<\/span><img src=\"http:\/\/www.altstadthotel-am-theater.de\/wp-content\/uploads\/2013\/10\/Restaurant-7-500x500.jpg\" alt=\"\" \/><\/a><\/dt><\/dl><dl class='gallery-item'><dt class='gallery-icon'><a href=\"http:\/\/www.altstadthotel-am-theater.de\/wp-content\/uploads\/2013\/10\/Restaurant-8.jpg\" rel=\"prettyPhoto[gallery-]\" title=\"Restaurant-8\"><span class=\"zoom-wrapper\">\n\t\t\t\t\t<span class=\"zoom\"><\/span>\n\t\t\t\t<\/span><img src=\"http:\/\/www.altstadthotel-am-theater.de\/wp-content\/uploads\/2013\/10\/Restaurant-8-500x500.jpg\" alt=\"\" \/><\/a><\/dt><\/dl><dl class='gallery-item'><dt class='gallery-icon'><a href=\"http:\/\/www.altstadthotel-am-theater.de\/wp-content\/uploads\/2013\/10\/Restaurant-9.jpg\" rel=\"prettyPhoto[gallery-]\" title=\"Restaurant-9\"><span class=\"zoom-wrapper\">\n\t\t\t\t\t<span class=\"zoom\"><\/span>\n\t\t\t\t<\/span><img src=\"http:\/\/www.altstadthotel-am-theater.de\/wp-content\/uploads\/2013\/10\/Restaurant-9-500x500.jpg\" alt=\"\" \/><\/a><\/dt><\/dl>\n\t\t\t<br style='clear: both;' \/>\n\t\t<\/div>\n\n","protected":false},"excerpt":{"rendered":"<p>Nach einer erholsamen Nacht folgt bei uns immer ein guter Morgen \u2013 mit einem \u00fcberraschend reichhaltigen Fr\u00fchst\u00fccksbuffet.<\/p>\n","protected":false},"author":1,"featured_media":0,"parent":2,"menu_order":0,"comment_status":"closed","ping_status":"open","template":"template-full-width.php","meta":[],"_links":{"self":[{"href":"http:\/\/www.altstadthotel-am-theater.de\/index.php?rest_route=\/wp\/v2\/pages\/529"}],"collection":[{"href":"http:\/\/www.altstadthotel-am-theater.de\/index.php?rest_route=\/wp\/v2\/pages"}],"about":[{"href":"http:\/\/www.altstadthotel-am-theater.de\/index.php?rest_route=\/wp\/v2\/types\/page"}],"author":[{"embeddable":true,"href":"http:\/\/www.altstadthotel-am-theater.de\/index.php?rest_route=\/wp\/v2\/users\/1"}],"replies":[{"embeddable":true,"href":"http:\/\/www.altstadthotel-am-theater.de\/index.php?rest_route=%2Fwp%2Fv2%2Fcomments&post=529"}],"version-history":[{"count":4,"href":"http:\/\/www.altstadthotel-am-theater.de\/index.php?rest_route=\/wp\/v2\/pages\/529\/revisions"}],"predecessor-version":[{"id":545,"href":"http:\/\/www.altstadthotel-am-theater.de\/index.php?rest_route=\/wp\/v2\/pages\/529\/revisions\/545"}],"up":[{"embeddable":true,"href":"http:\/\/www.altstadthotel-am-theater.de\/index.php?rest_route=\/wp\/v2\/pages\/2"}],"wp:attachment":[{"href":"http:\/\/www.altstadthotel-am-theater.de\/index.php?rest_route=%2Fwp%2Fv2%2Fmedia&parent=529"}],"curies":[{"name":"wp","href":"https:\/\/api.w.org\/{rel}","templated":true}]}}